{"id":204,"date":"2021-05-26T18:31:16","date_gmt":"2021-05-26T16:31:16","guid":{"rendered":"http:\/\/localhost:8888\/cdc\/produit\/pinot-noir\/"},"modified":"2024-02-01T07:21:55","modified_gmt":"2024-02-01T06:21:55","slug":"pinot-noir","status":"publish","type":"product","link":"https:\/\/cave-des-chevalieres.ch\/en\/produit\/pinot-noir\/","title":{"rendered":"Pinot noir"},"content":{"rendered":"","protected":false},"excerpt":{"rendered":"<p><span style=\"font-weight: 400\">Issu d\u2019une parcelle expos\u00e9e plein sud, ce pinot aura des ar\u00f4mes de griottes, d\u2019\u00e9pices tout en gardant de la fra\u00eecheur, dues \u00e0 la vendange parfaite et au cuvage des raisins dans les meilleures conditions possibles.<\/span><\/p>\n<p><span style=\"font-weight: 400\">Ce Pinot Noir, tr\u00e8s typ\u00e9 saura sublimer vos plats comme un poulet aux morilles ou un poisson de mer. Il s\u2019accordera tr\u00e8s bien aussi avec un fromage mi-dur.<\/span><\/p>\n","protected":false},"featured_media":630,"template":"","meta":{"_acf_changed":false},"product_cat":[50,49],"product_tag":[],"class_list":{"0":"post-204","1":"product","2":"type-product","3":"status-publish","4":"has-post-thumbnail","6":"product_cat-magnums-jeroboams-en","7":"product_cat-red-wines","8":"entry","10":"first","11":"instock","12":"taxable","13":"shipping-taxable","14":"purchasable","15":"product-type-variable","16":"has-default-attributes"},"acf":[],"yoast_head":"<!-- This site is optimized with the Yoast SEO plugin v23.2 - https:\/\/yoast.com\/wordpress\/plugins\/seo\/ -->\n<title>Pinot noir - Cave des Chevali\u00e8res - Vins AOC Gen\u00e8ve<\/title>\n<meta name=\"description\" content=\"D\u00e9sormais faites-vous livrer \u00e0 la maison, vos bouteilles favorites de la Cave des Chevali\u00e8res \u00e0 Soral, en seulement quelques clics.\" \/>\n<meta name=\"robots\" content=\"index, follow, max-snippet:-1, max-image-preview:large, max-video-preview:-1\" \/>\n<link rel=\"canonical\" href=\"https:\/\/cave-des-chevalieres.ch\/en\/produit\/pinot-noir\/\" \/>\n<meta property=\"og:locale\" content=\"en_US\" \/>\n<meta property=\"og:type\" content=\"article\" \/>\n<meta property=\"og:title\" content=\"Pinot noir - Cave des Chevali\u00e8res - Vins AOC Gen\u00e8ve\" \/>\n<meta property=\"og:description\" content=\"D\u00e9sormais faites-vous livrer \u00e0 la maison, vos bouteilles favorites de la Cave des Chevali\u00e8res \u00e0 Soral, en seulement quelques clics.\" \/>\n<meta property=\"og:url\" content=\"https:\/\/cave-des-chevalieres.ch\/en\/produit\/pinot-noir\/\" \/>\n<meta property=\"og:site_name\" content=\"Cave des Chevali\u00e8res\" \/>\n<meta property=\"article:modified_time\" content=\"2024-02-01T06:21:55+00:00\" \/>\n<meta property=\"og:image\" content=\"https:\/\/cave-des-chevalieres.ch\/wp-content\/uploads\/2021\/06\/pinot-noir-cdc-v2-white.jpg\" \/>\n\t<meta property=\"og:image:width\" content=\"800\" \/>\n\t<meta property=\"og:image:height\" content=\"1200\" \/>\n\t<meta property=\"og:image:type\" content=\"image\/jpeg\" \/>\n<meta name=\"twitter:card\" content=\"summary_large_image\" \/>\n<script type=\"application\/ld+json\" class=\"yoast-schema-graph\">{\"@context\":\"https:\/\/schema.org\",\"@graph\":[{\"@type\":\"WebPage\",\"@id\":\"https:\/\/cave-des-chevalieres.ch\/en\/produit\/pinot-noir\/\",\"url\":\"https:\/\/cave-des-chevalieres.ch\/en\/produit\/pinot-noir\/\",\"name\":\"Pinot noir - Cave des Chevali\u00e8res - Vins AOC Gen\u00e8ve\",\"isPartOf\":{\"@id\":\"https:\/\/cave-des-chevalieres.ch\/en\/#website\"},\"primaryImageOfPage\":{\"@id\":\"https:\/\/cave-des-chevalieres.ch\/en\/produit\/pinot-noir\/#primaryimage\"},\"image\":{\"@id\":\"https:\/\/cave-des-chevalieres.ch\/en\/produit\/pinot-noir\/#primaryimage\"},\"thumbnailUrl\":\"https:\/\/cave-des-chevalieres.ch\/wp-content\/uploads\/2021\/06\/pinot-noir-cdc-v2-white.jpg\",\"datePublished\":\"2021-05-26T16:31:16+00:00\",\"dateModified\":\"2024-02-01T06:21:55+00:00\",\"description\":\"D\u00e9sormais faites-vous livrer \u00e0 la maison, vos bouteilles favorites de la Cave des Chevali\u00e8res \u00e0 Soral, en seulement quelques clics.\",\"breadcrumb\":{\"@id\":\"https:\/\/cave-des-chevalieres.ch\/en\/produit\/pinot-noir\/#breadcrumb\"},\"inLanguage\":\"en-US\",\"potentialAction\":[{\"@type\":\"ReadAction\",\"target\":[\"https:\/\/cave-des-chevalieres.ch\/en\/produit\/pinot-noir\/\"]}]},{\"@type\":\"ImageObject\",\"inLanguage\":\"en-US\",\"@id\":\"https:\/\/cave-des-chevalieres.ch\/en\/produit\/pinot-noir\/#primaryimage\",\"url\":\"https:\/\/cave-des-chevalieres.ch\/wp-content\/uploads\/2021\/06\/pinot-noir-cdc-v2-white.jpg\",\"contentUrl\":\"https:\/\/cave-des-chevalieres.ch\/wp-content\/uploads\/2021\/06\/pinot-noir-cdc-v2-white.jpg\",\"width\":800,\"height\":1200,\"caption\":\"Pinot Noir de la Cave des Chevali\u00e8res \u00e0 Soral, Gen\u00e8ve\"},{\"@type\":\"BreadcrumbList\",\"@id\":\"https:\/\/cave-des-chevalieres.ch\/en\/produit\/pinot-noir\/#breadcrumb\",\"itemListElement\":[{\"@type\":\"ListItem\",\"position\":1,\"name\":\"Accueil\",\"item\":\"https:\/\/cave-des-chevalieres.ch\/en\/home\/\"},{\"@type\":\"ListItem\",\"position\":2,\"name\":\"Tous les vins\",\"item\":\"https:\/\/cave-des-chevalieres.ch\/boutique\/\"},{\"@type\":\"ListItem\",\"position\":3,\"name\":\"Pinot noir\"}]},{\"@type\":\"WebSite\",\"@id\":\"https:\/\/cave-des-chevalieres.ch\/en\/#website\",\"url\":\"https:\/\/cave-des-chevalieres.ch\/en\/\",\"name\":\"Cave des Chevali\u00e8res\",\"description\":\"Un site utilisant WordPress\",\"potentialAction\":[{\"@type\":\"SearchAction\",\"target\":{\"@type\":\"EntryPoint\",\"urlTemplate\":\"https:\/\/cave-des-chevalieres.ch\/en\/?s={search_term_string}\"},\"query-input\":\"required name=search_term_string\"}],\"inLanguage\":\"en-US\"}]}<\/script>\n<!-- \/ Yoast SEO plugin. -->","yoast_head_json":{"title":"Pinot noir - Cave des Chevali\u00e8res - Vins AOC Gen\u00e8ve","description":"D\u00e9sormais faites-vous livrer \u00e0 la maison, vos bouteilles favorites de la Cave des Chevali\u00e8res \u00e0 Soral, en seulement quelques clics.","robots":{"index":"index","follow":"follow","max-snippet":"max-snippet:-1","max-image-preview":"max-image-preview:large","max-video-preview":"max-video-preview:-1"},"canonical":"https:\/\/cave-des-chevalieres.ch\/en\/produit\/pinot-noir\/","og_locale":"en_US","og_type":"article","og_title":"Pinot noir - Cave des Chevali\u00e8res - Vins AOC Gen\u00e8ve","og_description":"D\u00e9sormais faites-vous livrer \u00e0 la maison, vos bouteilles favorites de la Cave des Chevali\u00e8res \u00e0 Soral, en seulement quelques clics.","og_url":"https:\/\/cave-des-chevalieres.ch\/en\/produit\/pinot-noir\/","og_site_name":"Cave des Chevali\u00e8res","article_modified_time":"2024-02-01T06:21:55+00:00","og_image":[{"width":800,"height":1200,"url":"https:\/\/cave-des-chevalieres.ch\/wp-content\/uploads\/2021\/06\/pinot-noir-cdc-v2-white.jpg","type":"image\/jpeg"}],"twitter_card":"summary_large_image","schema":{"@context":"https:\/\/schema.org","@graph":[{"@type":"WebPage","@id":"https:\/\/cave-des-chevalieres.ch\/en\/produit\/pinot-noir\/","url":"https:\/\/cave-des-chevalieres.ch\/en\/produit\/pinot-noir\/","name":"Pinot noir - Cave des Chevali\u00e8res - Vins AOC Gen\u00e8ve","isPartOf":{"@id":"https:\/\/cave-des-chevalieres.ch\/en\/#website"},"primaryImageOfPage":{"@id":"https:\/\/cave-des-chevalieres.ch\/en\/produit\/pinot-noir\/#primaryimage"},"image":{"@id":"https:\/\/cave-des-chevalieres.ch\/en\/produit\/pinot-noir\/#primaryimage"},"thumbnailUrl":"https:\/\/cave-des-chevalieres.ch\/wp-content\/uploads\/2021\/06\/pinot-noir-cdc-v2-white.jpg","datePublished":"2021-05-26T16:31:16+00:00","dateModified":"2024-02-01T06:21:55+00:00","description":"D\u00e9sormais faites-vous livrer \u00e0 la maison, vos bouteilles favorites de la Cave des Chevali\u00e8res \u00e0 Soral, en seulement quelques clics.","breadcrumb":{"@id":"https:\/\/cave-des-chevalieres.ch\/en\/produit\/pinot-noir\/#breadcrumb"},"inLanguage":"en-US","potentialAction":[{"@type":"ReadAction","target":["https:\/\/cave-des-chevalieres.ch\/en\/produit\/pinot-noir\/"]}]},{"@type":"ImageObject","inLanguage":"en-US","@id":"https:\/\/cave-des-chevalieres.ch\/en\/produit\/pinot-noir\/#primaryimage","url":"https:\/\/cave-des-chevalieres.ch\/wp-content\/uploads\/2021\/06\/pinot-noir-cdc-v2-white.jpg","contentUrl":"https:\/\/cave-des-chevalieres.ch\/wp-content\/uploads\/2021\/06\/pinot-noir-cdc-v2-white.jpg","width":800,"height":1200,"caption":"Pinot Noir de la Cave des Chevali\u00e8res \u00e0 Soral, Gen\u00e8ve"},{"@type":"BreadcrumbList","@id":"https:\/\/cave-des-chevalieres.ch\/en\/produit\/pinot-noir\/#breadcrumb","itemListElement":[{"@type":"ListItem","position":1,"name":"Accueil","item":"https:\/\/cave-des-chevalieres.ch\/en\/home\/"},{"@type":"ListItem","position":2,"name":"Tous les vins","item":"https:\/\/cave-des-chevalieres.ch\/boutique\/"},{"@type":"ListItem","position":3,"name":"Pinot noir"}]},{"@type":"WebSite","@id":"https:\/\/cave-des-chevalieres.ch\/en\/#website","url":"https:\/\/cave-des-chevalieres.ch\/en\/","name":"Cave des Chevali\u00e8res","description":"Un site utilisant WordPress","potentialAction":[{"@type":"SearchAction","target":{"@type":"EntryPoint","urlTemplate":"https:\/\/cave-des-chevalieres.ch\/en\/?s={search_term_string}"},"query-input":"required name=search_term_string"}],"inLanguage":"en-US"}]}},"_links":{"self":[{"href":"https:\/\/cave-des-chevalieres.ch\/en\/wp-json\/wp\/v2\/product\/204","targetHints":{"allow":["GET"]}}],"collection":[{"href":"https:\/\/cave-des-chevalieres.ch\/en\/wp-json\/wp\/v2\/product"}],"about":[{"href":"https:\/\/cave-des-chevalieres.ch\/en\/wp-json\/wp\/v2\/types\/product"}],"wp:featuredmedia":[{"embeddable":true,"href":"https:\/\/cave-des-chevalieres.ch\/en\/wp-json\/wp\/v2\/media\/630"}],"wp:attachment":[{"href":"https:\/\/cave-des-chevalieres.ch\/en\/wp-json\/wp\/v2\/media?parent=204"}],"wp:term":[{"taxonomy":"product_cat","embeddable":true,"href":"https:\/\/cave-des-chevalieres.ch\/en\/wp-json\/wp\/v2\/product_cat?post=204"},{"taxonomy":"product_tag","embeddable":true,"href":"https:\/\/cave-des-chevalieres.ch\/en\/wp-json\/wp\/v2\/product_tag?post=204"}],"curies":[{"name":"wp","href":"https:\/\/api.w.org\/{rel}","templated":true}]}}